{"id":2363,"date":"2024-02-15T05:07:25","date_gmt":"2024-02-15T05:07:25","guid":{"rendered":"https:\/\/www.pingpongpandas.com\/?page_id=2363"},"modified":"2024-09-11T09:24:04","modified_gmt":"2024-09-11T09:24:04","slug":"impressum","status":"publish","type":"page","link":"https:\/\/www.pingpongpandas.com\/en\/impressum\/","title":{"rendered":"Imprint"},"content":{"rendered":"<div data-elementor-type=\"wp-page\" data-elementor-id=\"2363\" class=\"elementor elementor-2363\">\n\t\t\t\t\t\t<section class=\"elementor-section elementor-top-section elementor-element elementor-element-d1b8aa0 elementor-section-boxed elementor-section-height-default elementor-section-height-default wpr-particle-no wpr-jarallax-no wpr-parallax-no wpr-sticky-section-no\" data-id=\"d1b8aa0\" data-element_type=\"section\" data-settings=\"{&quot;background_background&quot;:&quot;classic&quot;}\">\n\t\t\t\t\t\t<div class=\"elementor-container elementor-column-gap-default\">\n\t\t\t\t\t<div class=\"elementor-column elementor-col-100 elementor-top-column elementor-element elementor-element-154dd3b\" data-id=\"154dd3b\" data-element_type=\"column\">\n\t\t\t<div class=\"elementor-widget-wrap elementor-element-populated\">\n\t\t\t\t\t\t<div class=\"elementor-element elementor-element-4f7e7b0 elementor-widget elementor-widget-heading\" data-id=\"4f7e7b0\" data-element_type=\"widget\" data-widget_type=\"heading.default\">\n\t\t\t\t<div class=\"elementor-widget-container\">\n\t\t\t<h2 class=\"elementor-heading-title elementor-size-default\">Imprint<\/h2>\t\t<\/div>\n\t\t\t\t<\/div>\n\t\t\t\t<div class=\"elementor-element elementor-element-bc35fe2 elementor-widget elementor-widget-text-editor\" data-id=\"bc35fe2\" data-element_type=\"widget\" data-widget_type=\"text-editor.default\">\n\t\t\t\t<div class=\"elementor-widget-container\">\n\t\t\t\t\t\t\t<p style=\"text-align: center;\">Angaben gem\u00e4\u00df \u00a7 5 TMG\u00a0<\/p><p style=\"text-align: center;\">Johannes F\u00fcrst<br \/>Venloer Stra\u00dfe 215<br \/>50823 K\u00f6ln<\/p><p style=\"text-align: center;\">Contact\u00a0<\/p><p style=\"text-align: center;\">E-Mail: info{at}pingpongpandas.com<\/p><p style=\"text-align: center;\">Verantwortlich f\u00fcr den Inhalt nach \u00a7 55 Abs. 2 RStV<\/p><p style=\"text-align: center;\">Johannes F\u00fcrst<br \/>Venloer Stra\u00dfe 215<br \/>50823 K\u00f6ln<\/p><figure><figure><\/figure><\/figure><p style=\"text-align: center;\">Haftung f\u00fcr Inhalte\u00a0<\/p><p style=\"text-align: center;\">Als Diensteanbieter sind wir gem\u00e4\u00df \u00a7 7 Abs.1 TMG f\u00fcr eigene Inhalte auf diesen Seiten nach den allgemeinen Gesetzen verantwortlich. Nach \u00a7\u00a7 8 bis 10 TMG sind wir als Diensteanbieter jedoch nicht verpflichtet, \u00fcbermittelte oder gespeicherte fremde Informationen zu \u00fcberwachen oder nach Umst\u00e4nden zu forschen, die auf eine rechtswidrige T\u00e4tigkeit hinweisen.<\/p><p style=\"text-align: center;\">Verpflichtungen zur Entfernung oder Sperrung der Nutzung von Informationen nach den allgemeinen Gesetzen bleiben hiervon unber\u00fchrt. Eine diesbez\u00fcgliche Haftung ist jedoch erst ab dem Zeitpunkt der Kenntnis einer konkreten Rechtsverletzung m\u00f6glich. Bei Bekanntwerden von entsprechenden Rechtsverletzungen werden wir diese Inhalte umgehend entfernen.<\/p><p style=\"text-align: center;\">Haftung f\u00fcr Links\u00a0<\/p><p style=\"text-align: center;\">Unser Angebot enth\u00e4lt Links zu externen Websites Dritter, auf deren Inhalte wir keinen Einfluss haben. Deshalb k\u00f6nnen wir f\u00fcr diese fremden Inhalte auch keine Gew\u00e4hr \u00fcbernehmen. F\u00fcr die Inhalte der verlinkten Seiten ist stets der jeweilige Anbieter oder Betreiber der Seiten verantwortlich. Die verlinkten Seiten wurden zum Zeitpunkt der Verlinkung auf m\u00f6gliche Rechtsverst\u00f6\u00dfe \u00fcberpr\u00fcft. Rechtswidrige Inhalte waren zum Zeitpunkt der Verlinkung nicht erkennbar.<\/p><p style=\"text-align: center;\">Eine permanente inhaltliche Kontrolle der verlinkten Seiten ist jedoch ohne konkrete Anhaltspunkte einer Rechtsverletzung nicht zumutbar. Bei Bekanntwerden von Rechtsverletzungen werden wir derartige Links umgehend entfernen.<\/p><p style=\"text-align: center;\">Urheberrecht\u00a0<\/p><p style=\"text-align: center;\">Die durch die Seitenbetreiber erstellten Inhalte und Werke auf diesen Seiten unterliegen dem deutschen Urheberrecht. Die Vervielf\u00e4ltigung, Bearbeitung, Verbreitung und jede Art der Verwertung au\u00dferhalb der Grenzen des Urheberrechtes bed\u00fcrfen der schriftlichen Zustimmung des jeweiligen Autors bzw. Erstellers. Downloads und Kopien dieser Seite sind nur f\u00fcr den privaten, nicht kommerziellen Gebrauch gestattet.<\/p><p style=\"text-align: center;\">\u00a0<\/p><p style=\"text-align: center;\">Soweit die Inhalte auf dieser Seite nicht vom Betreiber erstellt wurden, werden die Urheberrechte Dritter beachtet. Insbesondere werden Inhalte Dritter als solche gekennzeichnet. Sollten Sie trotzdem auf eine Urheberrechtsverletzung aufmerksam werden, bitten wir um einen entsprechenden Hinweis. Bei Bekanntwerden von Rechtsverletzungen werden wir derartige Inhalte umgehend entfernen.\u00a0<\/p><p style=\"text-align: center;\">Quelle: e-recht24.de<\/p>\t\t\t\t\t\t<\/div>\n\t\t\t\t<\/div>\n\t\t\t\t\t<\/div>\n\t\t<\/div>\n\t\t\t\t\t<\/div>\n\t\t<\/section>\n\t\t\t\t<\/div>","protected":false},"excerpt":{"rendered":"<p>Impressum Angaben gem\u00e4\u00df \u00a7 5 TMG\u00a0 Johannes F\u00fcrstVenloer Stra\u00dfe 21550823 K\u00f6ln Kontakt\u00a0 E-Mail: info{at}pingpongpandas.com Verantwortlich f\u00fcr den Inhalt nach \u00a7 55 Abs. 2 RStV Johannes F\u00fcrstVenloer Stra\u00dfe 21550823 K\u00f6ln Haftung f\u00fcr Inhalte\u00a0 Als Diensteanbieter sind wir gem\u00e4\u00df \u00a7 7 Abs.1 TMG f\u00fcr eigene Inhalte auf diesen Seiten nach den allgemeinen Gesetzen verantwortlich. Nach \u00a7\u00a7 8 bis 10 TMG sind wir als Diensteanbieter jedoch nicht verpflichtet, \u00fcbermittelte oder gespeicherte fremde Informationen zu \u00fcberwachen oder nach Umst\u00e4nden zu forschen, die auf eine rechtswidrige T\u00e4tigkeit hinweisen. Verpflichtungen zur Entfernung oder Sperrung der Nutzung von Informationen nach den allgemeinen Gesetzen bleiben hiervon unber\u00fchrt. Eine diesbez\u00fcgliche Haftung ist jedoch erst ab dem Zeitpunkt der Kenntnis einer konkreten Rechtsverletzung m\u00f6glich. Bei Bekanntwerden von entsprechenden Rechtsverletzungen werden wir diese Inhalte umgehend entfernen. Haftung f\u00fcr Links\u00a0 Unser Angebot enth\u00e4lt Links zu externen Websites Dritter, auf deren Inhalte wir keinen Einfluss haben. Deshalb k\u00f6nnen wir f\u00fcr diese fremden Inhalte auch keine Gew\u00e4hr \u00fcbernehmen. F\u00fcr die Inhalte der verlinkten Seiten ist stets der jeweilige Anbieter oder Betreiber der Seiten verantwortlich. Die verlinkten Seiten wurden zum Zeitpunkt der Verlinkung auf m\u00f6gliche Rechtsverst\u00f6\u00dfe \u00fcberpr\u00fcft. Rechtswidrige Inhalte waren zum Zeitpunkt der Verlinkung nicht erkennbar. Eine permanente inhaltliche Kontrolle der verlinkten Seiten ist jedoch ohne konkrete Anhaltspunkte einer Rechtsverletzung nicht zumutbar. Bei Bekanntwerden von Rechtsverletzungen werden wir derartige Links umgehend entfernen. Urheberrecht\u00a0 Die durch die Seitenbetreiber erstellten Inhalte und Werke auf diesen Seiten unterliegen dem deutschen Urheberrecht. Die Vervielf\u00e4ltigung, Bearbeitung, Verbreitung und jede Art der Verwertung au\u00dferhalb der Grenzen des Urheberrechtes bed\u00fcrfen der schriftlichen Zustimmung des jeweiligen Autors bzw. Erstellers. Downloads und Kopien dieser Seite sind nur f\u00fcr den privaten, nicht kommerziellen Gebrauch gestattet. \u00a0 Soweit die Inhalte auf dieser Seite nicht vom Betreiber erstellt wurden, werden die Urheberrechte Dritter beachtet. Insbesondere werden Inhalte Dritter als solche gekennzeichnet. Sollten Sie trotzdem auf eine Urheberrechtsverletzung aufmerksam werden, bitten wir um einen entsprechenden Hinweis. Bei Bekanntwerden von Rechtsverletzungen werden wir derartige Inhalte umgehend entfernen.\u00a0 Quelle: e-recht24.de<\/p>","protected":false},"author":1,"featured_media":0,"parent":0,"menu_order":0,"comment_status":"closed","ping_status":"closed","template":"","meta":{"_monsterinsights_skip_tracking":false,"_monsterinsights_sitenote_active":false,"_monsterinsights_sitenote_note":"","_monsterinsights_sitenote_category":0,"footnotes":""},"class_list":["post-2363","page","type-page","status-publish","hentry"],"yoast_head":"<!-- This site is optimized with the Yoast SEO plugin v23.4 - https:\/\/yoast.com\/wordpress\/plugins\/seo\/ -->\n<title>pingpongpandas - Unser Impressum<\/title>\n<meta name=\"description\" content=\"Tischtennis! Drau\u00dfen! Outdoor PingPong - Wir lieben Tischtennis und Pandas. Und nat\u00fcrlich haben wir auch ein pingpong Impressum\" \/>\n<meta name=\"robots\" content=\"index, follow, max-snippet:-1, max-image-preview:large, max-video-preview:-1\" \/>\n<link rel=\"canonical\" href=\"https:\/\/www.pingpongpandas.com\/en\/impressum\/\" \/>\n<meta property=\"og:locale\" content=\"en_US\" \/>\n<meta property=\"og:type\" content=\"article\" \/>\n<meta property=\"og:title\" content=\"pingpongpandas - Unser Impressum\" \/>\n<meta property=\"og:description\" content=\"Tischtennis! Drau\u00dfen! Outdoor PingPong - Wir lieben Tischtennis und Pandas. Und nat\u00fcrlich haben wir auch ein pingpong Impressum\" \/>\n<meta property=\"og:url\" content=\"https:\/\/www.pingpongpandas.com\/en\/impressum\/\" \/>\n<meta property=\"og:site_name\" content=\"pingpongpandas\" \/>\n<meta property=\"article:publisher\" content=\"https:\/\/www.facebook.com\/Ping-Pong-Pandas-109290388603627\" \/>\n<meta property=\"article:modified_time\" content=\"2024-09-11T09:24:04+00:00\" \/>\n<meta name=\"twitter:card\" content=\"summary_large_image\" \/>\n<meta name=\"twitter:label1\" content=\"Est. reading time\" \/>\n\t<meta name=\"twitter:data1\" content=\"2 minutes\" \/>\n<script type=\"application\/ld+json\" class=\"yoast-schema-graph\">{\"@context\":\"https:\/\/schema.org\",\"@graph\":[{\"@type\":[\"Article\",\"BlogPosting\"],\"@id\":\"https:\/\/www.pingpongpandas.com\/impressum\/#article\",\"isPartOf\":{\"@id\":\"https:\/\/www.pingpongpandas.com\/impressum\/\"},\"author\":{\"name\":\"admin\",\"@id\":\"https:\/\/www.pingpongpandas.com\/#\/schema\/person\/cf83eb73a69ca8ed7d6c576464908741\"},\"headline\":\"Impressum\",\"datePublished\":\"2024-02-15T05:07:25+00:00\",\"dateModified\":\"2024-09-11T09:24:04+00:00\",\"mainEntityOfPage\":{\"@id\":\"https:\/\/www.pingpongpandas.com\/impressum\/\"},\"wordCount\":339,\"publisher\":{\"@id\":\"https:\/\/www.pingpongpandas.com\/#organization\"},\"inLanguage\":\"en-US\"},{\"@type\":\"WebPage\",\"@id\":\"https:\/\/www.pingpongpandas.com\/impressum\/\",\"url\":\"https:\/\/www.pingpongpandas.com\/impressum\/\",\"name\":\"pingpongpandas - Unser Impressum\",\"isPartOf\":{\"@id\":\"https:\/\/www.pingpongpandas.com\/#website\"},\"datePublished\":\"2024-02-15T05:07:25+00:00\",\"dateModified\":\"2024-09-11T09:24:04+00:00\",\"description\":\"Tischtennis! Drau\u00dfen! Outdoor PingPong - Wir lieben Tischtennis und Pandas. Und nat\u00fcrlich haben wir auch ein pingpong Impressum\",\"breadcrumb\":{\"@id\":\"https:\/\/www.pingpongpandas.com\/impressum\/#breadcrumb\"},\"inLanguage\":\"en-US\",\"potentialAction\":[{\"@type\":\"ReadAction\",\"target\":[\"https:\/\/www.pingpongpandas.com\/impressum\/\"]}]},{\"@type\":\"BreadcrumbList\",\"@id\":\"https:\/\/www.pingpongpandas.com\/impressum\/#breadcrumb\",\"itemListElement\":[{\"@type\":\"ListItem\",\"position\":1,\"name\":\"Startseite\",\"item\":\"https:\/\/www.pingpongpandas.com\/\"},{\"@type\":\"ListItem\",\"position\":2,\"name\":\"Impressum\"}]},{\"@type\":\"WebSite\",\"@id\":\"https:\/\/www.pingpongpandas.com\/#website\",\"url\":\"https:\/\/www.pingpongpandas.com\/\",\"name\":\"pingpongpandas\",\"description\":\"Outdoor PingPong Cologne\",\"publisher\":{\"@id\":\"https:\/\/www.pingpongpandas.com\/#organization\"},\"potentialAction\":[{\"@type\":\"SearchAction\",\"target\":{\"@type\":\"EntryPoint\",\"urlTemplate\":\"https:\/\/www.pingpongpandas.com\/?s={search_term_string}\"},\"query-input\":{\"@type\":\"PropertyValueSpecification\",\"valueRequired\":true,\"valueName\":\"search_term_string\"}}],\"inLanguage\":\"en-US\"},{\"@type\":\"Organization\",\"@id\":\"https:\/\/www.pingpongpandas.com\/#organization\",\"name\":\"pingpongpandas\",\"url\":\"https:\/\/www.pingpongpandas.com\/\",\"logo\":{\"@type\":\"ImageObject\",\"inLanguage\":\"en-US\",\"@id\":\"https:\/\/www.pingpongpandas.com\/#\/schema\/logo\/image\/\",\"url\":\"https:\/\/www.pingpongpandas.com\/wp-content\/uploads\/2022\/10\/Brand-Final_version_04-100.jpg\",\"contentUrl\":\"https:\/\/www.pingpongpandas.com\/wp-content\/uploads\/2022\/10\/Brand-Final_version_04-100.jpg\",\"width\":1533,\"height\":988,\"caption\":\"pingpongpandas\"},\"image\":{\"@id\":\"https:\/\/www.pingpongpandas.com\/#\/schema\/logo\/image\/\"},\"sameAs\":[\"https:\/\/www.facebook.com\/Ping-Pong-Pandas-109290388603627\",\"https:\/\/www.instagram.com\/ping_pong_pandas\/\"]},{\"@type\":\"Person\",\"@id\":\"https:\/\/www.pingpongpandas.com\/#\/schema\/person\/cf83eb73a69ca8ed7d6c576464908741\",\"name\":\"admin\",\"image\":{\"@type\":\"ImageObject\",\"inLanguage\":\"en-US\",\"@id\":\"https:\/\/www.pingpongpandas.com\/#\/schema\/person\/image\/\",\"url\":\"https:\/\/www.pingpongpandas.com\/wp-content\/litespeed\/avatar\/77daab1624b3882946eab4de3c586d42.jpg?ver=1776136670\",\"contentUrl\":\"https:\/\/www.pingpongpandas.com\/wp-content\/litespeed\/avatar\/77daab1624b3882946eab4de3c586d42.jpg?ver=1776136670\",\"caption\":\"admin\"},\"sameAs\":[\"http:\/\/pingpongpandas.com\"],\"url\":\"https:\/\/www.pingpongpandas.com\/en\/author\/admin\/\"}]}<\/script>\n<!-- \/ Yoast SEO plugin. -->","yoast_head_json":{"title":"pingpongpandas - Unser Impressum","description":"Tischtennis! Drau\u00dfen! Outdoor PingPong - Wir lieben Tischtennis und Pandas. Und nat\u00fcrlich haben wir auch ein pingpong Impressum","robots":{"index":"index","follow":"follow","max-snippet":"max-snippet:-1","max-image-preview":"max-image-preview:large","max-video-preview":"max-video-preview:-1"},"canonical":"https:\/\/www.pingpongpandas.com\/en\/impressum\/","og_locale":"en_US","og_type":"article","og_title":"pingpongpandas - Unser Impressum","og_description":"Tischtennis! Drau\u00dfen! Outdoor PingPong - Wir lieben Tischtennis und Pandas. Und nat\u00fcrlich haben wir auch ein pingpong Impressum","og_url":"https:\/\/www.pingpongpandas.com\/en\/impressum\/","og_site_name":"pingpongpandas","article_publisher":"https:\/\/www.facebook.com\/Ping-Pong-Pandas-109290388603627","article_modified_time":"2024-09-11T09:24:04+00:00","twitter_card":"summary_large_image","twitter_misc":{"Est. reading time":"2 minutes"},"schema":{"@context":"https:\/\/schema.org","@graph":[{"@type":["Article","BlogPosting"],"@id":"https:\/\/www.pingpongpandas.com\/impressum\/#article","isPartOf":{"@id":"https:\/\/www.pingpongpandas.com\/impressum\/"},"author":{"name":"admin","@id":"https:\/\/www.pingpongpandas.com\/#\/schema\/person\/cf83eb73a69ca8ed7d6c576464908741"},"headline":"Impressum","datePublished":"2024-02-15T05:07:25+00:00","dateModified":"2024-09-11T09:24:04+00:00","mainEntityOfPage":{"@id":"https:\/\/www.pingpongpandas.com\/impressum\/"},"wordCount":339,"publisher":{"@id":"https:\/\/www.pingpongpandas.com\/#organization"},"inLanguage":"en-US"},{"@type":"WebPage","@id":"https:\/\/www.pingpongpandas.com\/impressum\/","url":"https:\/\/www.pingpongpandas.com\/impressum\/","name":"pingpongpandas - Unser Impressum","isPartOf":{"@id":"https:\/\/www.pingpongpandas.com\/#website"},"datePublished":"2024-02-15T05:07:25+00:00","dateModified":"2024-09-11T09:24:04+00:00","description":"Tischtennis! Drau\u00dfen! Outdoor PingPong - Wir lieben Tischtennis und Pandas. Und nat\u00fcrlich haben wir auch ein pingpong Impressum","breadcrumb":{"@id":"https:\/\/www.pingpongpandas.com\/impressum\/#breadcrumb"},"inLanguage":"en-US","potentialAction":[{"@type":"ReadAction","target":["https:\/\/www.pingpongpandas.com\/impressum\/"]}]},{"@type":"BreadcrumbList","@id":"https:\/\/www.pingpongpandas.com\/impressum\/#breadcrumb","itemListElement":[{"@type":"ListItem","position":1,"name":"Startseite","item":"https:\/\/www.pingpongpandas.com\/"},{"@type":"ListItem","position":2,"name":"Impressum"}]},{"@type":"WebSite","@id":"https:\/\/www.pingpongpandas.com\/#website","url":"https:\/\/www.pingpongpandas.com\/","name":"pingpongpandas","description":"Outdoor PingPong Cologne","publisher":{"@id":"https:\/\/www.pingpongpandas.com\/#organization"},"potentialAction":[{"@type":"SearchAction","target":{"@type":"EntryPoint","urlTemplate":"https:\/\/www.pingpongpandas.com\/?s={search_term_string}"},"query-input":{"@type":"PropertyValueSpecification","valueRequired":true,"valueName":"search_term_string"}}],"inLanguage":"en-US"},{"@type":"Organization","@id":"https:\/\/www.pingpongpandas.com\/#organization","name":"pingpongpandas","url":"https:\/\/www.pingpongpandas.com\/","logo":{"@type":"ImageObject","inLanguage":"en-US","@id":"https:\/\/www.pingpongpandas.com\/#\/schema\/logo\/image\/","url":"https:\/\/www.pingpongpandas.com\/wp-content\/uploads\/2022\/10\/Brand-Final_version_04-100.jpg","contentUrl":"https:\/\/www.pingpongpandas.com\/wp-content\/uploads\/2022\/10\/Brand-Final_version_04-100.jpg","width":1533,"height":988,"caption":"pingpongpandas"},"image":{"@id":"https:\/\/www.pingpongpandas.com\/#\/schema\/logo\/image\/"},"sameAs":["https:\/\/www.facebook.com\/Ping-Pong-Pandas-109290388603627","https:\/\/www.instagram.com\/ping_pong_pandas\/"]},{"@type":"Person","@id":"https:\/\/www.pingpongpandas.com\/#\/schema\/person\/cf83eb73a69ca8ed7d6c576464908741","name":"admin","image":{"@type":"ImageObject","inLanguage":"en-US","@id":"https:\/\/www.pingpongpandas.com\/#\/schema\/person\/image\/","url":"https:\/\/www.pingpongpandas.com\/wp-content\/litespeed\/avatar\/77daab1624b3882946eab4de3c586d42.jpg?ver=1776136670","contentUrl":"https:\/\/www.pingpongpandas.com\/wp-content\/litespeed\/avatar\/77daab1624b3882946eab4de3c586d42.jpg?ver=1776136670","caption":"admin"},"sameAs":["http:\/\/pingpongpandas.com"],"url":"https:\/\/www.pingpongpandas.com\/en\/author\/admin\/"}]}},"acf":[],"_links":{"self":[{"href":"https:\/\/www.pingpongpandas.com\/en\/wp-json\/wp\/v2\/pages\/2363"}],"collection":[{"href":"https:\/\/www.pingpongpandas.com\/en\/wp-json\/wp\/v2\/pages"}],"about":[{"href":"https:\/\/www.pingpongpandas.com\/en\/wp-json\/wp\/v2\/types\/page"}],"author":[{"embeddable":true,"href":"https:\/\/www.pingpongpandas.com\/en\/wp-json\/wp\/v2\/users\/1"}],"replies":[{"embeddable":true,"href":"https:\/\/www.pingpongpandas.com\/en\/wp-json\/wp\/v2\/comments?post=2363"}],"version-history":[{"count":10,"href":"https:\/\/www.pingpongpandas.com\/en\/wp-json\/wp\/v2\/pages\/2363\/revisions"}],"predecessor-version":[{"id":2557,"href":"https:\/\/www.pingpongpandas.com\/en\/wp-json\/wp\/v2\/pages\/2363\/revisions\/2557"}],"wp:attachment":[{"href":"https:\/\/www.pingpongpandas.com\/en\/wp-json\/wp\/v2\/media?parent=2363"}],"curies":[{"name":"wp","href":"https:\/\/api.w.org\/{rel}","templated":true}]}}